{"id":2,"date":"2019-11-23T18:09:13","date_gmt":"2019-11-23T17:09:13","guid":{"rendered":"https:\/\/blogsfad.educacion.navarra.es\/elarequi\/?page_id=2"},"modified":"2020-03-01T16:59:22","modified_gmt":"2020-03-01T15:59:22","slug":"pagina-de-bloques-1","status":"publish","type":"page","link":"https:\/\/blogsfad.educacion.navarra.es\/modelos\/pagina-de-bloques-1\/","title":{"rendered":"P\u00e1gina de bloques 1"},"content":{"rendered":"\n<p class=\"has-text-align-center has-large-font-size\"><a href=\"#proyecto\">Proyecto Educativo<\/a> &#8211; <a href=\"#instalaciones\">Instalaciones y recursos<\/a> &#8211; <a href=\"#contacto\">Contacto<\/a><\/p>\n\n\n\n<div class=\"wp-block-cover alignfull has-background-dim-70 has-background-dim\" style=\"background-image:url(https:\/\/blogsfad.educacion.navarra.es\/modelos\/files\/2020\/02\/chico-y-chica.jpg);background-color:#051850;min-height:600px\"><div class=\"wp-block-cover__inner-container\">\n<h1 class=\"has-text-align-center\">COLEGIO P\u00daBLICO<br>\u201dLOS ALISOS\u201d<\/h1>\n\n\n\n<div style=\"height:200px\" aria-hidden=\"true\" class=\"wp-block-spacer\"><\/div>\n\n\n\n<p style=\"font-size:32px\" class=\"has-text-align-center\">Este es el sitio web de nuestro colegio.<br>Te animamos a que conozcas nuestro Proyecto Educativo<br>y recorras nuestras instalaciones.<\/p>\n<\/div><\/div>\n\n\n\n<div style=\"height:100px\" aria-hidden=\"true\" class=\"wp-block-spacer\"><\/div>\n\n\n\n<h2 class=\"has-text-color has-text-align-center\" style=\"color:#180d69\" id=\"proyecto\">Nuestro proyecto educativo<\/h2>\n\n\n\n<div style=\"height:30px\" aria-hidden=\"true\" class=\"wp-block-spacer\"><\/div>\n\n\n\n<div class=\"wp-block-media-text has-background is-image-fill\" style=\"background-color:#a0dfe0;grid-template-columns:36% auto\"><figure class=\"wp-block-media-text__media\" style=\"background-image:url(https:\/\/blogsfad.educacion.navarra.es\/modelos\/files\/2020\/02\/pasillos-1024x687.jpg);background-position:50% 50%\"><img loading=\"lazy\" width=\"1024\" height=\"687\" src=\"https:\/\/blogsfad.educacion.navarra.es\/modelos\/files\/2020\/02\/pasillos-1024x687.jpg\" alt=\"Pasillos\" class=\"wp-image-25\" srcset=\"https:\/\/blogsfad.educacion.navarra.es\/modelos\/files\/2020\/02\/pasillos-1024x687.jpg 1024w, https:\/\/blogsfad.educacion.navarra.es\/modelos\/files\/2020\/02\/pasillos-300x201.jpg 300w, https:\/\/blogsfad.educacion.navarra.es\/modelos\/files\/2020\/02\/pasillos-768x516.jpg 768w, https:\/\/blogsfad.educacion.navarra.es\/modelos\/files\/2020\/02\/pasillos-1536x1031.jpg 1536w, https:\/\/blogsfad.educacion.navarra.es\/modelos\/files\/2020\/02\/pasillos.jpg 1600w\" sizes=\"(max-width: 1024px) 100vw, 1024px\" \/><\/figure><div class=\"wp-block-media-text__content\">\n<p class=\"has-drop-cap has-larger-font-size\">Aenean aliquet, felis faucibus tempor interdum, sem orci convallis sapien, ut consequat ex massa quis risus. Cras eros elit, varius at tellus sit amet, egestas tincidunt ipsum. Morbi et eleifend felis, sed suscipit turpis.<\/p>\n<\/div><\/div>\n\n\n\n<div class=\"wp-block-media-text has-media-on-the-right has-background is-image-fill\" style=\"background-color:#0071a1;grid-template-columns:auto 34%\"><figure class=\"wp-block-media-text__media\" style=\"background-image:url(https:\/\/blogsfad.educacion.navarra.es\/modelos\/files\/2020\/02\/mesas-1024x681.jpg);background-position:50% 50%\"><img loading=\"lazy\" width=\"1024\" height=\"681\" src=\"https:\/\/blogsfad.educacion.navarra.es\/modelos\/files\/2020\/02\/mesas-1024x681.jpg\" alt=\"Mesas y pupitres\" class=\"wp-image-23\" srcset=\"https:\/\/blogsfad.educacion.navarra.es\/modelos\/files\/2020\/02\/mesas-1024x681.jpg 1024w, https:\/\/blogsfad.educacion.navarra.es\/modelos\/files\/2020\/02\/mesas-300x200.jpg 300w, https:\/\/blogsfad.educacion.navarra.es\/modelos\/files\/2020\/02\/mesas-768x511.jpg 768w, https:\/\/blogsfad.educacion.navarra.es\/modelos\/files\/2020\/02\/mesas-1536x1021.jpg 1536w, https:\/\/blogsfad.educacion.navarra.es\/modelos\/files\/2020\/02\/mesas.jpg 1600w\" sizes=\"(max-width: 1024px) 100vw, 1024px\" \/><\/figure><div class=\"wp-block-media-text__content\">\n<p style=\"background-color:#0071a1;color:#ffffff\" class=\"has-text-color has-background has-drop-cap has-larger-font-size\">Aenean aliquet, felis faucibus tempor interdum, sem orci convallis sapien, ut consequat ex massa quis risus. Cras eros elit, varius at tellus sit amet, egestas tincidunt ipsum. Morbi et eleifend felis, sed suscipit turpis.<\/p>\n<\/div><\/div>\n\n\n\n<div class=\"wp-block-media-text has-background is-image-fill\" style=\"background-color:#a0dfe0;grid-template-columns:36% auto\"><figure class=\"wp-block-media-text__media\" style=\"background-image:url(https:\/\/blogsfad.educacion.navarra.es\/modelos\/files\/2020\/02\/taquillas-1024x768.jpg);background-position:50% 50%\"><img loading=\"lazy\" width=\"1024\" height=\"768\" src=\"https:\/\/blogsfad.educacion.navarra.es\/modelos\/files\/2020\/02\/taquillas-1024x768.jpg\" alt=\"Taquillas\" class=\"wp-image-24\" srcset=\"https:\/\/blogsfad.educacion.navarra.es\/modelos\/files\/2020\/02\/taquillas-1024x768.jpg 1024w, https:\/\/blogsfad.educacion.navarra.es\/modelos\/files\/2020\/02\/taquillas-300x225.jpg 300w, https:\/\/blogsfad.educacion.navarra.es\/modelos\/files\/2020\/02\/taquillas-768x576.jpg 768w, https:\/\/blogsfad.educacion.navarra.es\/modelos\/files\/2020\/02\/taquillas-1536x1152.jpg 1536w, https:\/\/blogsfad.educacion.navarra.es\/modelos\/files\/2020\/02\/taquillas.jpg 1600w\" sizes=\"(max-width: 1024px) 100vw, 1024px\" \/><\/figure><div class=\"wp-block-media-text__content\">\n<p class=\"has-drop-cap has-larger-font-size\">Aenean aliquet, felis faucibus tempor interdum, sem orci convallis sapien, ut consequat ex massa quis risus. Cras eros elit, varius at tellus sit amet, egestas tincidunt ipsum. Morbi et eleifend felis, sed suscipit turpis.<\/p>\n<\/div><\/div>\n\n\n\n<div style=\"height:100px\" aria-hidden=\"true\" class=\"wp-block-spacer\"><\/div>\n\n\n\n<h2 class=\"has-text-color has-text-align-center\" style=\"color:#180d69\" id=\"instalaciones\">Nuestras instalaciones y recursos<\/h2>\n\n\n\n<div style=\"height:30px\" aria-hidden=\"true\" class=\"wp-block-spacer\"><\/div>\n\n\n\n<div class=\"wp-container-1 wp-block-group has-background\" style=\"background-color:#051850\"><div class=\"wp-block-group__inner-container\">\n<div class=\"wp-block-columns alignfull are-vertically-aligned-center\">\n<div class=\"wp-block-column is-vertically-aligned-center\" style=\"flex-basis:33.33%\">\n<p style=\"color:#edf4f7\" class=\"has-text-color has-drop-cap has-larger-font-size\">Aqu\u00ed ten\u00e9is algunos de los recursos e instalaciones m\u00e1s representativos de nuestro centro. Pod\u00e9is recorrer la galer\u00eda de im\u00e1genes a vuestro gusto.<\/p>\n<\/div>\n\n\n\n<div class=\"wp-block-column is-vertically-aligned-center\" style=\"flex-basis:66.66%\">\n<figure class=\"wp-block-gallery columns-3 is-cropped\"><ul class=\"blocks-gallery-grid\"><li class=\"blocks-gallery-item\"><figure><a href=\"https:\/\/blogsfad.educacion.navarra.es\/modelos\/files\/2020\/02\/pasillos.jpg\"><img loading=\"lazy\" width=\"1024\" height=\"687\" src=\"https:\/\/blogsfad.educacion.navarra.es\/modelos\/files\/2020\/02\/pasillos-1024x687.jpg\" alt=\"Pasillos\" data-id=\"25\" data-full-url=\"https:\/\/blogsfad.educacion.navarra.es\/modelos\/files\/2020\/02\/pasillos.jpg\" data-link=\"https:\/\/blogsfad.educacion.navarra.es\/modelos\/pasillos\/\" class=\"wp-image-25\" srcset=\"https:\/\/blogsfad.educacion.navarra.es\/modelos\/files\/2020\/02\/pasillos-1024x687.jpg 1024w, https:\/\/blogsfad.educacion.navarra.es\/modelos\/files\/2020\/02\/pasillos-300x201.jpg 300w, https:\/\/blogsfad.educacion.navarra.es\/modelos\/files\/2020\/02\/pasillos-768x516.jpg 768w, https:\/\/blogsfad.educacion.navarra.es\/modelos\/files\/2020\/02\/pasillos-1536x1031.jpg 1536w, https:\/\/blogsfad.educacion.navarra.es\/modelos\/files\/2020\/02\/pasillos.jpg 1600w\" sizes=\"(max-width: 1024px) 100vw, 1024px\" \/><\/a><figcaption class=\"blocks-gallery-item__caption\">Pasillos<\/figcaption><\/figure><\/li><li class=\"blocks-gallery-item\"><figure><a href=\"https:\/\/blogsfad.educacion.navarra.es\/modelos\/files\/2020\/02\/taquillas.jpg\"><img loading=\"lazy\" width=\"1024\" height=\"768\" src=\"https:\/\/blogsfad.educacion.navarra.es\/modelos\/files\/2020\/02\/taquillas-1024x768.jpg\" alt=\"Taquillas\" data-id=\"24\" data-full-url=\"https:\/\/blogsfad.educacion.navarra.es\/modelos\/files\/2020\/02\/taquillas.jpg\" data-link=\"https:\/\/blogsfad.educacion.navarra.es\/modelos\/taquillas\/\" class=\"wp-image-24\" srcset=\"https:\/\/blogsfad.educacion.navarra.es\/modelos\/files\/2020\/02\/taquillas-1024x768.jpg 1024w, https:\/\/blogsfad.educacion.navarra.es\/modelos\/files\/2020\/02\/taquillas-300x225.jpg 300w, https:\/\/blogsfad.educacion.navarra.es\/modelos\/files\/2020\/02\/taquillas-768x576.jpg 768w, https:\/\/blogsfad.educacion.navarra.es\/modelos\/files\/2020\/02\/taquillas-1536x1152.jpg 1536w, https:\/\/blogsfad.educacion.navarra.es\/modelos\/files\/2020\/02\/taquillas.jpg 1600w\" sizes=\"(max-width: 1024px) 100vw, 1024px\" \/><\/a><figcaption class=\"blocks-gallery-item__caption\">Taquillas<\/figcaption><\/figure><\/li><li class=\"blocks-gallery-item\"><figure><a href=\"https:\/\/blogsfad.educacion.navarra.es\/modelos\/files\/2020\/02\/mesas.jpg\"><img loading=\"lazy\" width=\"1024\" height=\"681\" src=\"https:\/\/blogsfad.educacion.navarra.es\/modelos\/files\/2020\/02\/mesas-1024x681.jpg\" alt=\"Mesas y pupitres\" data-id=\"23\" data-full-url=\"https:\/\/blogsfad.educacion.navarra.es\/modelos\/files\/2020\/02\/mesas.jpg\" data-link=\"https:\/\/blogsfad.educacion.navarra.es\/modelos\/mesas-y-pupitres\/\" class=\"wp-image-23\" srcset=\"https:\/\/blogsfad.educacion.navarra.es\/modelos\/files\/2020\/02\/mesas-1024x681.jpg 1024w, https:\/\/blogsfad.educacion.navarra.es\/modelos\/files\/2020\/02\/mesas-300x200.jpg 300w, https:\/\/blogsfad.educacion.navarra.es\/modelos\/files\/2020\/02\/mesas-768x511.jpg 768w, https:\/\/blogsfad.educacion.navarra.es\/modelos\/files\/2020\/02\/mesas-1536x1021.jpg 1536w, https:\/\/blogsfad.educacion.navarra.es\/modelos\/files\/2020\/02\/mesas.jpg 1600w\" sizes=\"(max-width: 1024px) 100vw, 1024px\" \/><\/a><figcaption class=\"blocks-gallery-item__caption\">Mesas y pupitres<\/figcaption><\/figure><\/li><li class=\"blocks-gallery-item\"><figure><a href=\"https:\/\/blogsfad.educacion.navarra.es\/modelos\/files\/2020\/02\/las-clases.jpg\"><img loading=\"lazy\" width=\"1024\" height=\"637\" src=\"https:\/\/blogsfad.educacion.navarra.es\/modelos\/files\/2020\/02\/las-clases-1024x637.jpg\" alt=\"Las clases\" data-id=\"30\" data-full-url=\"https:\/\/blogsfad.educacion.navarra.es\/modelos\/files\/2020\/02\/las-clases.jpg\" data-link=\"https:\/\/blogsfad.educacion.navarra.es\/modelos\/las-clases\/\" class=\"wp-image-30\" srcset=\"https:\/\/blogsfad.educacion.navarra.es\/modelos\/files\/2020\/02\/las-clases-1024x637.jpg 1024w, https:\/\/blogsfad.educacion.navarra.es\/modelos\/files\/2020\/02\/las-clases-300x187.jpg 300w, https:\/\/blogsfad.educacion.navarra.es\/modelos\/files\/2020\/02\/las-clases-768x478.jpg 768w, https:\/\/blogsfad.educacion.navarra.es\/modelos\/files\/2020\/02\/las-clases-1536x956.jpg 1536w, https:\/\/blogsfad.educacion.navarra.es\/modelos\/files\/2020\/02\/las-clases.jpg 1600w\" sizes=\"(max-width: 1024px) 100vw, 1024px\" \/><\/a><figcaption class=\"blocks-gallery-item__caption\">Las clases<\/figcaption><\/figure><\/li><li class=\"blocks-gallery-item\"><figure><a href=\"https:\/\/blogsfad.educacion.navarra.es\/modelos\/files\/2020\/02\/chico-y-chica.jpg\"><img loading=\"lazy\" width=\"1024\" height=\"685\" src=\"https:\/\/blogsfad.educacion.navarra.es\/modelos\/files\/2020\/02\/chico-y-chica-1024x685.jpg\" alt=\"Chico y chica\" data-id=\"35\" data-full-url=\"https:\/\/blogsfad.educacion.navarra.es\/modelos\/files\/2020\/02\/chico-y-chica.jpg\" data-link=\"https:\/\/blogsfad.educacion.navarra.es\/modelos\/chico-y-chica\/\" class=\"wp-image-35\" srcset=\"https:\/\/blogsfad.educacion.navarra.es\/modelos\/files\/2020\/02\/chico-y-chica-1024x685.jpg 1024w, https:\/\/blogsfad.educacion.navarra.es\/modelos\/files\/2020\/02\/chico-y-chica-300x201.jpg 300w, https:\/\/blogsfad.educacion.navarra.es\/modelos\/files\/2020\/02\/chico-y-chica-768x514.jpg 768w, https:\/\/blogsfad.educacion.navarra.es\/modelos\/files\/2020\/02\/chico-y-chica-1536x1028.jpg 1536w, https:\/\/blogsfad.educacion.navarra.es\/modelos\/files\/2020\/02\/chico-y-chica-600x400.jpg 600w, https:\/\/blogsfad.educacion.navarra.es\/modelos\/files\/2020\/02\/chico-y-chica.jpg 1600w\" sizes=\"(max-width: 1024px) 100vw, 1024px\" \/><\/a><figcaption class=\"blocks-gallery-item__caption\">Chico y chica<\/figcaption><\/figure><\/li><li class=\"blocks-gallery-item\"><figure><a href=\"https:\/\/blogsfad.educacion.navarra.es\/modelos\/files\/2020\/02\/biblioteca.jpg\"><img loading=\"lazy\" width=\"1024\" height=\"683\" src=\"https:\/\/blogsfad.educacion.navarra.es\/modelos\/files\/2020\/02\/biblioteca-1024x683.jpg\" alt=\"Biblioteca\" data-id=\"26\" data-full-url=\"https:\/\/blogsfad.educacion.navarra.es\/modelos\/files\/2020\/02\/biblioteca.jpg\" data-link=\"https:\/\/blogsfad.educacion.navarra.es\/modelos\/biblioteca\/\" class=\"wp-image-26\" srcset=\"https:\/\/blogsfad.educacion.navarra.es\/modelos\/files\/2020\/02\/biblioteca-1024x683.jpg 1024w, https:\/\/blogsfad.educacion.navarra.es\/modelos\/files\/2020\/02\/biblioteca-300x200.jpg 300w, https:\/\/blogsfad.educacion.navarra.es\/modelos\/files\/2020\/02\/biblioteca-768x512.jpg 768w, https:\/\/blogsfad.educacion.navarra.es\/modelos\/files\/2020\/02\/biblioteca-1536x1024.jpg 1536w, https:\/\/blogsfad.educacion.navarra.es\/modelos\/files\/2020\/02\/biblioteca.jpg 1600w\" sizes=\"(max-width: 1024px) 100vw, 1024px\" \/><\/a><figcaption class=\"blocks-gallery-item__caption\">Biblioteca<\/figcaption><\/figure><\/li><\/ul><\/figure>\n<\/div>\n<\/div>\n<\/div><\/div>\n\n\n\n<div style=\"height:100px\" aria-hidden=\"true\" class=\"wp-block-spacer\"><\/div>\n\n\n\n<h2 class=\"has-text-color has-text-align-center\" style=\"color:#180d69\" id=\"contacto\">An\u00edmate a visitarnos<\/h2>\n\n\n\n<div style=\"height:30px\" aria-hidden=\"true\" class=\"wp-block-spacer\"><\/div>\n\n\n\n<div class=\"wp-block-cover alignfull has-background-dim-60 has-background-dim\" style=\"background-image:url(https:\/\/blogsfad.educacion.navarra.es\/modelos\/files\/2020\/02\/las-clases.jpg);min-height:350px\"><div class=\"wp-block-cover__inner-container\">\n<p class=\"has-text-align-center has-large-font-size\">Consulta el horario de visitas concertadas, o ponte en contacto con nosotros<\/p>\n\n\n\n<div class=\"wp-block-columns\">\n<div class=\"wp-block-column\">\n<div class=\"wp-block-button aligncenter\"><a class=\"wp-block-button__link has-background\" href=\"#\" style=\"background-color:#0071a1\">Horario<\/a><\/div>\n<\/div>\n\n\n\n<div class=\"wp-block-column\">\n<div class=\"wp-block-button aligncenter\"><a class=\"wp-block-button__link has-background\" href=\"#\" style=\"background-color:#051850\">Contacto<\/a><\/div>\n<\/div>\n<\/div>\n<\/div><\/div>\n\n\n\n<p><\/p>\n","protected":false},"excerpt":{"rendered":"<p>Proyecto Educativo &#8211; Instalaciones y recursos &#8211; Contacto Nuestro proyecto educativo Aenean aliquet, felis faucibus tempor interdum, sem orci convallis sapien, ut consequat ex massa quis risus. Cras eros elit, varius at tellus sit amet, egestas tincidunt ipsum. Morbi et eleifend felis, sed suscipit turpis. Aenean aliquet, felis faucibus tempor interdum, sem orci convallis sapien, [&hellip;]<\/p>\n","protected":false},"author":1,"featured_media":0,"parent":0,"menu_order":0,"comment_status":"closed","ping_status":"closed","template":"","meta":{"_editorskit_title_hidden":false,"_editorskit_reading_time":1,"_editorskit_is_block_options_detached":false,"_editorskit_block_options_position":"{}","_genesis_hide_title":true,"_genesis_hide_breadcrumbs":false,"_genesis_hide_singular_image":false,"_genesis_hide_footer_widgets":false,"_genesis_custom_body_class":"","_genesis_custom_post_class":"","_genesis_layout":"full-width-content"},"_links":{"self":[{"href":"https:\/\/blogsfad.educacion.navarra.es\/modelos\/wp-json\/wp\/v2\/pages\/2"}],"collection":[{"href":"https:\/\/blogsfad.educacion.navarra.es\/modelos\/wp-json\/wp\/v2\/pages"}],"about":[{"href":"https:\/\/blogsfad.educacion.navarra.es\/modelos\/wp-json\/wp\/v2\/types\/page"}],"author":[{"embeddable":true,"href":"https:\/\/blogsfad.educacion.navarra.es\/modelos\/wp-json\/wp\/v2\/users\/1"}],"replies":[{"embeddable":true,"href":"https:\/\/blogsfad.educacion.navarra.es\/modelos\/wp-json\/wp\/v2\/comments?post=2"}],"version-history":[{"count":0,"href":"https:\/\/blogsfad.educacion.navarra.es\/modelos\/wp-json\/wp\/v2\/pages\/2\/revisions"}],"wp:attachment":[{"href":"https:\/\/blogsfad.educacion.navarra.es\/modelos\/wp-json\/wp\/v2\/media?parent=2"}],"curies":[{"name":"wp","href":"https:\/\/api.w.org\/{rel}","templated":true}]}}