{"id":2,"date":"2020-02-17T14:50:04","date_gmt":"2020-02-17T14:50:04","guid":{"rendered":"https:\/\/blogsfad.educacion.navarra.es\/pmartiaf\/?page_id=2"},"modified":"2021-03-09T17:56:24","modified_gmt":"2021-03-09T17:56:24","slug":"sesion-1","status":"publish","type":"page","link":"https:\/\/blogsfad.educacion.navarra.es\/pmartiaf\/sesion-1\/","title":{"rendered":"Sesi\u00f3n 1"},"content":{"rendered":"\n<div style=\"background-color:#0b0b0b;padding-left:5%;padding-right:5%;padding-bottom:5%;padding-top:15%;margin-top:5%;margin-bottom:5%\" class=\"wp-block-genesis-blocks-gb-container alignfull gb-layout-hero-1 gb-block-container alignfull\"><div class=\"gb-container-inside\"><div class=\"gb-container-image-wrap\"><img class=\"gb-container-image has-background-dim\" src=\"https:\/\/blogsfad.educacion.navarra.es\/pmartiaf\/files\/2020\/10\/andrew-ridley-jR4Zf-riEjI-unsplash.jpg\" alt=\"\"\/><\/div><div class=\"gb-container-content\" style=\"max-width:850px\">\n<h2 class=\"has-text-align-center gb-white-text has-text-color\" style=\"color:#ffffff\">Familiariz\u00e1ndonos con<br>WordPress<\/h2>\n\n\n\n<p class=\"has-text-align-center has-text-color\" style=\"color:#ffffff\">Entradas, p\u00e1ginas, im\u00e1genes, fotos, documentos&#8230;, <br>WordPress permite trabajar con multitud de tipos de contenidos, de una forma f\u00e1cil e intuitiva.<\/p>\n\n\n\n<div style=\"text-align:center\" class=\"wp-block-genesis-blocks-gb-button gb-block-button\"><a href=\"https:\/\/romualdfons.com\/tutorial-wordpress\/\" target=\"_blank\" rel=\"noopener noreferrer\" class=\"gb-button gb-button-shape-rounded gb-button-size-medium\" style=\"color:#ffffff;background-color:#0693e3\">Tutorial de WordPress<\/a><\/div>\n\n\n\n<p><\/p>\n<\/div><\/div><\/div>\n\n\n\n<div style=\"background-color:#f0f0f0;padding-left:10%;padding-right:10%;padding-bottom:10%;padding-top:10%;margin-top:5%;margin-bottom:5%\" class=\"wp-block-genesis-blocks-gb-container gb-block-container\"><div class=\"gb-container-inside\"><div class=\"gb-container-content\"><\/div><\/div><\/div>\n","protected":false},"excerpt":{"rendered":"","protected":false},"author":605,"featured_media":0,"parent":0,"menu_order":0,"comment_status":"closed","ping_status":"open","template":"","meta":{"_editorskit_title_hidden":true,"_editorskit_reading_time":1,"_editorskit_is_block_options_detached":false,"_editorskit_block_options_position":"{}","_genesis_hide_title":false,"_genesis_hide_breadcrumbs":false,"_genesis_hide_singular_image":false,"_genesis_hide_footer_widgets":false,"_genesis_custom_body_class":"","_genesis_custom_post_class":"","_genesis_layout":"full-width-content"},"_links":{"self":[{"href":"https:\/\/blogsfad.educacion.navarra.es\/pmartiaf\/wp-json\/wp\/v2\/pages\/2"}],"collection":[{"href":"https:\/\/blogsfad.educacion.navarra.es\/pmartiaf\/wp-json\/wp\/v2\/pages"}],"about":[{"href":"https:\/\/blogsfad.educacion.navarra.es\/pmartiaf\/wp-json\/wp\/v2\/types\/page"}],"author":[{"embeddable":true,"href":"https:\/\/blogsfad.educacion.navarra.es\/pmartiaf\/wp-json\/wp\/v2\/users\/605"}],"replies":[{"embeddable":true,"href":"https:\/\/blogsfad.educacion.navarra.es\/pmartiaf\/wp-json\/wp\/v2\/comments?post=2"}],"version-history":[{"count":0,"href":"https:\/\/blogsfad.educacion.navarra.es\/pmartiaf\/wp-json\/wp\/v2\/pages\/2\/revisions"}],"wp:attachment":[{"href":"https:\/\/blogsfad.educacion.navarra.es\/pmartiaf\/wp-json\/wp\/v2\/media?parent=2"}],"curies":[{"name":"wp","href":"https:\/\/api.w.org\/{rel}","templated":true}]}}