{"id":2,"date":"2019-11-01T10:38:14","date_gmt":"2019-11-01T09:38:14","guid":{"rendered":"http:\/\/blogsfad.educacion.navarra.es\/wp2015\/?page_id=2"},"modified":"2020-10-28T11:10:51","modified_gmt":"2020-10-28T10:10:51","slug":"inicio","status":"publish","type":"page","link":"https:\/\/blogsfad.educacion.navarra.es\/wp2015\/","title":{"rendered":"Inicio"},"content":{"rendered":"\n<h3>Bienvenidos y bienvenidas al curso online de iniciaci\u00f3n en WordPress 2020.<\/h3>\n\n\n\n<p>Comenzamos nuestra andadura por el maravilloso mundo de WordPress. En primer lugar, una pregunta: \u00bfpor qu\u00e9 WordPress? Conozcamos algo de su historia:<\/p>\n\n\n\n<p class=\"has-very-light-gray-background-color has-background\"><strong>WordPress<\/strong> es un sistema de gesti\u00f3n de contenidos lanzado el 27 de mayo de 2003, (en ingl\u00e9s, <em>Content Management System<\/em>  o <em>CMS<\/em>) enfocado a la creaci\u00f3n de <strong>cualquier tipo de p\u00e1gina web<\/strong>. Originalmente alcanz\u00f3 una gran popularidad en la creaci\u00f3n de blogs,  para convertirse con el tiempo en una de las principales herramientas  para la creaci\u00f3n de p\u00e1ginas web comerciales. Est\u00e1 desarrollado en el  lenguaje PHP para entornos que ejecuten MySQL y Apache, bajo licencia GPL y es <strong>software libre<\/strong>. Sus fundadores son <strong>Matt Mullenweg<\/strong> y <strong>Mike Little<\/strong>. WordPress fue creado a partir del desaparecido <em>b2\/cafelog<\/em> y se ha convertido en el CMS m\u00e1s popular de la blogosfera y en el m\u00e1s popular con respecto a cualquier otro CMS de uso general. Las causas de su enorme crecimiento son, entre otras, su licencia GPLv2, su <strong>facilidad de uso<\/strong> y sus caracter\u00edsticas como <strong>gestor de contenidos<\/strong>. Otro punto a considerar sobre su \u00e9xito y extensi\u00f3n es la enorme  <strong>comunidad de desarrolladores y dise\u00f1adores<\/strong>, encargados de programarlo en  su n\u00facleo o creando complementos (llamados <em>plugins)<\/em> y plantillas (llamadas <em>temas)<\/em>  para la comunidad. En marzo de 2019 era usado por el 33,4&nbsp;% de todos  los sitios en Internet y un 60,3&nbsp;% de todos los sitios basados en  gestores de contenido (CMS). <em><a href=\"https:\/\/es.wikipedia.org\/wiki\/WordPress\" target=\"_blank\" rel=\"noreferrer noopener\" aria-label=\"Wikipedia (abre en una nueva pesta\u00f1a)\">Wikipedia<\/a>.<\/em><\/p>\n\n\n\n<div class=\"wp-block-image\"><figure class=\"aligncenter is-resized\"><img loading=\"lazy\" src=\"https:\/\/upload.wikimedia.org\/wikipedia\/commons\/thumb\/9\/98\/WordPress_blue_logo.svg\/1200px-WordPress_blue_logo.svg.png\" alt=\"\" width=\"208\" height=\"208\"\/><figcaption>Logo de WordPress<\/figcaption><\/figure><\/div>\n\n\n\n<p class=\"has-very-light-gray-background-color has-background\"> El t\u00e9rmino &#8216;Web 2.0&#8217; o &#8216;Web social&#8217;\u200b comprende aquellos sitios web  que facilitan el compartir informaci\u00f3n, la interoperabilidad, el dise\u00f1o  centrado en el usuario y la colaboraci\u00f3n en la World Wide Web. Web 2.0  permite a los usuarios interactuar y colaborar entre s\u00ed, como creadores  de contenido. <em><a href=\"https:\/\/es.wikipedia.org\/wiki\/Web_2.0\" target=\"_blank\" rel=\"noreferrer noopener\" aria-label=\" (abre en una nueva pesta\u00f1a)\">Wikipedia<\/a><\/em><\/p>\n\n\n\n<p>WordPress es una herramienta muy potente que nos hace participes de la llamada revoluci\u00f3n de la web 2.0. \u00bfC\u00f3mo hemos llegado a este curso? Seguramente os a pasado como a m\u00ed: Me inici\u00e9 en este mundo a partir del uso de blogs para la ense\u00f1anza. Comenc\u00e9 con varios <em>blog<\/em> de <strong>Blogger<\/strong>, alguna que otra p\u00e1gina con Google Sites, &#8230; Hasta que en uno de los tantos colegios que recorro como interino, se me ofreci\u00f3 la oportunidad de crear la web del centro. Me lanc\u00e9 sin saber en el maravilloso mundo en el que me met\u00eda. Y as\u00ed naci\u00f3 mi primera web con WordPress: pod\u00e9is verla <a href=\"http:\/\/jmhuarte.educacion.navarra.es\/web1\/\">aqu\u00ed<\/a>. <br>M\u00e1s tarde, tuve la suerte de asistir al curso de WordPress avanzado que imparti\u00f3 con maestr\u00eda <strong>Eduardo Larequi<\/strong>, quien definitivamente me abri\u00f3 los ojos y consegu\u00ed ver las verdaderas potencialidades de esta herramienta. Hoy, me invitan a dar este curso online por segunda vez (debi\u00f3 de ir bien la primera). Un desaf\u00edo que afronto con total humildad, entrega y emoci\u00f3n. Espero que sea de vuestro agrado y que consigamos los objetivos que con \u00e9l pretendo. Dadas las caracter\u00edsticas de este curso (horas, online, &#8230;), el mismo no puede ambicionar lograr los niveles de profundidad de aqu\u00e9l que lo inspira. Pese a ello tiene un claro objetivo b\u00e1sico e irrenunciable que es el de proporcionar a su alumnado los instrumentos b\u00e1sicos no s\u00f3lo para la creaci\u00f3n de contenido en sitios WordPress sino tambi\u00e9n para la administraci\u00f3n de los mismos.<\/p>\n\n\n\n<h4>\u00bfC\u00f3mo organizaremos el curso de WordPress Iniciaci\u00f3n?<\/h4>\n\n\n\n<p>En este curso se abordar\u00e1 a nivel inicial lo relativo a lo que es un sitio web educativo creado con WordPress, tanto en lo referente al dise\u00f1o como a configuraci\u00f3n.<\/p>\n\n\n\n<p><strong>Objetivos:<\/strong><\/p>\n\n\n\n<ul><li>Conocer qu\u00e9 es un multisitio de wordpress y sus posibilidades como web de centro<\/li><li>Conocer las opciones de dise\u00f1o un blog de wordpress y c\u00f3mo empezar a editar y crear contenido<\/li><li>Aprender a crear usuarios y darles permisos<\/li><li>Aprender a crear blogs dentro del multisitio<\/li><\/ul>\n\n\n\n<p><strong>Contenidos:<\/strong><\/p>\n\n\n\n<ul><li>Pasos a seguir para solicitar la instalaci\u00f3n de wordpress en el sitio del centro<\/li><li>Edici\u00f3n en wordpress<\/li><li>Administraci\u00f3n b\u00e1sica de un multisitio<\/li><li>Gesti\u00f3n de usuarios<\/li><li>Creaci\u00f3n de blogs<\/li><\/ul>\n\n\n\n<p><strong>Metodolog\u00eda:<\/strong><\/p>\n\n\n\n<p>Las 4 sesiones (de 1,5 horas de duraci\u00f3n) impartidas por el ponente se desarrollar\u00e1n mediante webinar (videoconferencia). El seminario se completar\u00e1 con 6 horas de trabajo personal.<\/p>\n\n\n\n<p>Antes de la primera sesi\u00f3n se enviar\u00e1 al e-mail que aparece en el perfil de Educa de los participantes la informaci\u00f3n necesaria para poder acceder a la sala virtual donde se desarrollar\u00e1n las sesiones.&nbsp;<\/p>\n\n\n\n<p>La participaci\u00f3n en las sesiones y la actividad final son obligatorias para la certificaci\u00f3n y a esos efectos se podr\u00e1 recuperar tan solo una de las sesiones tras el visionado del v\u00eddeo correspondiente y un trabajo adicional relacionado con ella.<\/p>\n\n\n\n<h4><strong>Para alcanzar nuestros objetivos se han distribuido los contenidos del curso en&nbsp;cuatro grandes bloques:<\/strong><\/h4>\n\n\n\n<ol><li>Entorno y configuraci\u00f3n b\u00e1sica. Creaci\u00f3n de primeras p\u00e1ginas y entradas.<\/li><li>Apariencia y dise\u00f1o web. Selecci\u00f3n y personalizaci\u00f3n de temas. Herramientas de edici\u00f3n de imagen.<\/li><li>Gesti\u00f3n de usuarios y tareas de administraci\u00f3n b\u00e1sicas.<\/li><li>Mantenimiento y optimizaci\u00f3n. Tareas de administraci\u00f3n avanzada.<\/li><\/ol>\n\n\n\n<p>Dichos cuatro bloques se organizan en nuestra web en torno a las cuatro sesiones de las que va a constar nuestro curso, pero no necesariamente coincidir\u00e1n. Intentar\u00e9 aportar al alumnado un gui\u00f3n y un material de apoyo para cada una de las sesiones.<\/p>\n\n\n\n<p>Y sin m\u00e1s pre\u00e1mbulos os invito a todos a navegar por este sitio para sumergiros en el apasionante mundo de WordPress.<\/p>\n","protected":false},"excerpt":{"rendered":"<p>Bienvenidos y bienvenidas al curso online de iniciaci\u00f3n en WordPress 2020. Comenzamos nuestra andadura por el maravilloso mundo de WordPress. En primer lugar, una pregunta: \u00bfpor qu\u00e9 WordPress? Conozcamos algo de su historia: WordPress es un sistema de gesti\u00f3n de contenidos lanzado el 27 de mayo de 2003, (en ingl\u00e9s, Content Management System o CMS) [&hellip;]<\/p>\n","protected":false},"author":273,"featured_media":0,"parent":0,"menu_order":0,"comment_status":"closed","ping_status":"closed","template":"","meta":{"_editorskit_title_hidden":false,"_editorskit_reading_time":3,"_editorskit_is_block_options_detached":false,"_editorskit_block_options_position":"{}","_genesis_hide_title":false,"_genesis_hide_breadcrumbs":false,"_genesis_hide_singular_image":false,"_genesis_hide_footer_widgets":false,"_genesis_custom_body_class":"","_genesis_custom_post_class":"","_genesis_layout":"content-sidebar"},"_links":{"self":[{"href":"https:\/\/blogsfad.educacion.navarra.es\/wp2015\/wp-json\/wp\/v2\/pages\/2"}],"collection":[{"href":"https:\/\/blogsfad.educacion.navarra.es\/wp2015\/wp-json\/wp\/v2\/pages"}],"about":[{"href":"https:\/\/blogsfad.educacion.navarra.es\/wp2015\/wp-json\/wp\/v2\/types\/page"}],"author":[{"embeddable":true,"href":"https:\/\/blogsfad.educacion.navarra.es\/wp2015\/wp-json\/wp\/v2\/users\/273"}],"replies":[{"embeddable":true,"href":"https:\/\/blogsfad.educacion.navarra.es\/wp2015\/wp-json\/wp\/v2\/comments?post=2"}],"version-history":[{"count":0,"href":"https:\/\/blogsfad.educacion.navarra.es\/wp2015\/wp-json\/wp\/v2\/pages\/2\/revisions"}],"wp:attachment":[{"href":"https:\/\/blogsfad.educacion.navarra.es\/wp2015\/wp-json\/wp\/v2\/media?parent=2"}],"curies":[{"name":"wp","href":"https:\/\/api.w.org\/{rel}","templated":true}]}}